{"id":463,"date":"2025-03-14T15:54:22","date_gmt":"2025-03-14T20:54:22","guid":{"rendered":"https:\/\/schick.cl\/participaconschick\/?page_id=463"},"modified":"2026-02-24T18:04:28","modified_gmt":"2026-02-24T21:04:28","slug":"mecanica","status":"publish","type":"page","link":"https:\/\/schick.cl\/participaconschick\/mecanica\/","title":{"rendered":"Mec\u00e1nica"},"content":{"rendered":"\t\t<div data-elementor-type=\"wp-page\" data-elementor-id=\"463\" class=\"elementor elementor-463\" data-elementor-post-type=\"page\">\n\t\t\t\t<div class=\"elementor-element elementor-element-11ce1f2 e-flex e-con-boxed e-con e-parent\" data-id=\"11ce1f2\" data-element_type=\"container\" data-e-type=\"container\">\n\t\t\t\t\t<div class=\"e-con-inner\">\n\t\t\t\t<div class=\"elementor-element elementor-element-ce9b3a5 elementor-widget elementor-widget-image\" data-id=\"ce9b3a5\" data-element_type=\"widget\" data-e-type=\"widget\" data-widget_type=\"image.default\">\n\t\t\t\t<div class=\"elementor-widget-container\">\n\t\t\t\t\t\t\t\t\t\t\t\t\t\t\t<img fetchpriority=\"high\" decoding=\"async\" width=\"800\" height=\"528\" src=\"https:\/\/schick.cl\/participaconschick\/wp-content\/uploads\/2026\/01\/afeitate-con-schick-001.webp\" class=\"attachment-large size-large wp-image-2243\" alt=\"\" srcset=\"https:\/\/schick.cl\/participaconschick\/wp-content\/uploads\/2026\/01\/afeitate-con-schick-001.webp 964w, https:\/\/schick.cl\/participaconschick\/wp-content\/uploads\/2026\/01\/afeitate-con-schick-001-800x528.webp 800w, https:\/\/schick.cl\/participaconschick\/wp-content\/uploads\/2026\/01\/afeitate-con-schick-001-768x507.webp 768w\" sizes=\"(max-width: 800px) 100vw, 800px\" \/>\t\t\t\t\t\t\t\t\t\t\t\t\t\t\t<\/div>\n\t\t\t\t<\/div>\n\t\t<div class=\"elementor-element elementor-element-5327e99 e-con-full e-flex e-con e-child\" data-id=\"5327e99\" data-element_type=\"container\" data-e-type=\"container\">\n\t\t<div class=\"elementor-element elementor-element-ce00abc e-con-full e-flex e-con e-child\" data-id=\"ce00abc\" data-element_type=\"container\" data-e-type=\"container\">\n\t\t<div class=\"elementor-element elementor-element-1817e70 e-con-full e-flex e-con e-child\" data-id=\"1817e70\" data-element_type=\"container\" data-e-type=\"container\">\n\t\t\t\t<div class=\"elementor-element elementor-element-651bbf6 elementor-widget elementor-widget-heading\" data-id=\"651bbf6\" data-element_type=\"widget\" data-e-type=\"widget\" data-widget_type=\"heading.default\">\n\t\t\t\t<div class=\"elementor-widget-container\">\n\t\t\t\t\t<div class=\"elementor-heading-title elementor-size-default\"><em>1<\/em> compra<\/div>\t\t\t\t<\/div>\n\t\t\t\t<\/div>\n\t\t\t\t<div class=\"elementor-element elementor-element-388d9e8 elementor-widget-tablet__width-inherit elementor-widget-mobile__width-inherit elementor-widget elementor-widget-heading\" data-id=\"388d9e8\" data-element_type=\"widget\" data-e-type=\"widget\" data-widget_type=\"heading.default\">\n\t\t\t\t<div class=\"elementor-widget-container\">\n\t\t\t\t\t<div class=\"elementor-heading-title elementor-size-default\">$3.000 en\nproductos Schick<\/div>\t\t\t\t<\/div>\n\t\t\t\t<\/div>\n\t\t\t\t<\/div>\n\t\t\t\t<div class=\"elementor-element elementor-element-4c65162 elementor-widget elementor-widget-image\" data-id=\"4c65162\" data-element_type=\"widget\" data-e-type=\"widget\" data-widget_type=\"image.default\">\n\t\t\t\t<div class=\"elementor-widget-container\">\n\t\t\t\t\t\t\t\t\t\t\t\t\t\t\t<img decoding=\"async\" width=\"800\" height=\"875\" src=\"https:\/\/schick.cl\/participaconschick\/wp-content\/uploads\/2026\/01\/afeitate-con-schick-002.webp\" class=\"attachment-large size-large wp-image-2250\" alt=\"\" srcset=\"https:\/\/schick.cl\/participaconschick\/wp-content\/uploads\/2026\/01\/afeitate-con-schick-002.webp 960w, https:\/\/schick.cl\/participaconschick\/wp-content\/uploads\/2026\/01\/afeitate-con-schick-002-731x800.webp 731w, https:\/\/schick.cl\/participaconschick\/wp-content\/uploads\/2026\/01\/afeitate-con-schick-002-768x840.webp 768w\" sizes=\"(max-width: 800px) 100vw, 800px\" \/>\t\t\t\t\t\t\t\t\t\t\t\t\t\t\t<\/div>\n\t\t\t\t<\/div>\n\t\t\t\t<\/div>\n\t\t<div class=\"elementor-element elementor-element-3c53429 e-con-full e-flex e-con e-child\" data-id=\"3c53429\" data-element_type=\"container\" data-e-type=\"container\">\n\t\t<div class=\"elementor-element elementor-element-27ebbe3 e-con-full e-flex e-con e-child\" data-id=\"27ebbe3\" data-element_type=\"container\" data-e-type=\"container\">\n\t\t\t\t<div class=\"elementor-element elementor-element-def3dad elementor-widget elementor-widget-heading\" data-id=\"def3dad\" data-element_type=\"widget\" data-e-type=\"widget\" data-widget_type=\"heading.default\">\n\t\t\t\t<div class=\"elementor-widget-container\">\n\t\t\t\t\t<div class=\"elementor-heading-title elementor-size-default\"><em>2<\/em> registra<\/div>\t\t\t\t<\/div>\n\t\t\t\t<\/div>\n\t\t\t\t<div class=\"elementor-element elementor-element-d3878a5 elementor-widget-tablet__width-inherit elementor-widget-mobile__width-inherit elementor-widget elementor-widget-heading\" data-id=\"d3878a5\" data-element_type=\"widget\" data-e-type=\"widget\" data-widget_type=\"heading.default\">\n\t\t\t\t<div class=\"elementor-widget-container\">\n\t\t\t\t\t<div class=\"elementor-heading-title elementor-size-default\">Tu boleta en: participaconschick.com<\/div>\t\t\t\t<\/div>\n\t\t\t\t<\/div>\n\t\t\t\t<\/div>\n\t\t\t\t<div class=\"elementor-element elementor-element-6dc4377 elementor-widget elementor-widget-image\" data-id=\"6dc4377\" data-element_type=\"widget\" data-e-type=\"widget\" data-widget_type=\"image.default\">\n\t\t\t\t<div class=\"elementor-widget-container\">\n\t\t\t\t\t\t\t\t\t\t\t\t\t\t\t<img decoding=\"async\" width=\"220\" height=\"220\" src=\"https:\/\/schick.cl\/participaconschick\/wp-content\/uploads\/2026\/01\/qr-schick-chile.svg\" class=\"attachment-large size-large wp-image-2794\" alt=\"\" \/>\t\t\t\t\t\t\t\t\t\t\t\t\t\t\t<\/div>\n\t\t\t\t<\/div>\n\t\t\t\t<\/div>\n\t\t<div class=\"elementor-element elementor-element-fcc9ae6 e-con-full e-flex e-con e-child\" data-id=\"fcc9ae6\" data-element_type=\"container\" data-e-type=\"container\">\n\t\t<div class=\"elementor-element elementor-element-3468e1b e-con-full e-flex e-con e-child\" data-id=\"3468e1b\" data-element_type=\"container\" data-e-type=\"container\">\n\t\t\t\t<div class=\"elementor-element elementor-element-65ecb27 elementor-widget elementor-widget-heading\" data-id=\"65ecb27\" data-element_type=\"widget\" data-e-type=\"widget\" data-widget_type=\"heading.default\">\n\t\t\t\t<div class=\"elementor-widget-container\">\n\t\t\t\t\t<div class=\"elementor-heading-title elementor-size-default\"><em>3<\/em> \u00a1y listo!<\/div>\t\t\t\t<\/div>\n\t\t\t\t<\/div>\n\t\t\t\t<div class=\"elementor-element elementor-element-242efee elementor-widget-tablet__width-inherit elementor-widget-mobile__width-inherit elementor-widget elementor-widget-heading\" data-id=\"242efee\" data-element_type=\"widget\" data-e-type=\"widget\" data-widget_type=\"heading.default\">\n\t\t\t\t<div class=\"elementor-widget-container\">\n\t\t\t\t\t<div class=\"elementor-heading-title elementor-size-default\">ya est\u00e1s participando<\/div>\t\t\t\t<\/div>\n\t\t\t\t<\/div>\n\t\t\t\t<\/div>\n\t\t\t\t<div class=\"elementor-element elementor-element-3af3768 elementor-widget elementor-widget-image\" data-id=\"3af3768\" data-element_type=\"widget\" data-e-type=\"widget\" data-widget_type=\"image.default\">\n\t\t\t\t<div class=\"elementor-widget-container\">\n\t\t\t\t\t\t\t\t\t\t\t\t\t\t\t<img loading=\"lazy\" decoding=\"async\" width=\"221\" height=\"220\" src=\"https:\/\/schick.cl\/participaconschick\/wp-content\/uploads\/2026\/01\/check-icon-negro.svg\" class=\"attachment-large size-large wp-image-2804\" alt=\"\" \/>\t\t\t\t\t\t\t\t\t\t\t\t\t\t\t<\/div>\n\t\t\t\t<\/div>\n\t\t\t\t<\/div>\n\t\t\t\t<\/div>\n\t\t\t\t\t<\/div>\n\t\t\t\t<\/div>\n\t\t<div class=\"elementor-element elementor-element-506db71 e-con-full e-flex e-con e-parent\" data-id=\"506db71\" data-element_type=\"container\" data-e-type=\"container\" data-settings=\"{&quot;background_background&quot;:&quot;classic&quot;}\">\n\t\t\t\t<div class=\"elementor-element elementor-element-d6a0434 elementor-widget elementor-widget-text-editor\" data-id=\"d6a0434\" data-element_type=\"widget\" data-e-type=\"widget\" data-widget_type=\"text-editor.default\">\n\t\t\t\t<div class=\"elementor-widget-container\">\n\t\t\t\t\t\t\t\t\t<p>Promoci\u00f3n v\u00e1lida del 27 de Febrero al 30 de Abril del 2026 en tiendas f\u00edsicas y digitales de Walmart, Jumbo, Santa Isabel, Unimarc, Tottus, Cruz Verde, Ahumada, Salcobrand, Preunic, Maicao, Liquimax y Cadena Lily a nivel nacional. Por compras desde $3.000 en productos Schick, en las tiendas antes mencionadas, podr\u00e1s participar en el sorteo para ganar uno de los 25 premios, donde cada ganador recibir\u00e1 $1.000.000. Para participar debes ser mayor de 18 a\u00f1os y registrar tu boleta de compra en <a href=\"https:\/\/schick.cl\/participaconschick\/\" target=\"_blank\" rel=\"noopener\">www.participaconschick.com<\/a>. N\u00famero total de premios a entregar son 25, que totalizan $25.000.000 para ser repartidos entre los ganadores, con independencia de su g\u00e9nero. Aplican t\u00e9rminos y condiciones contenidos en Bases protocolizadas en Notaria Alvaro Gonz\u00e1les Salinas y adem\u00e1s, se encuentran publicados en <a href=\"https:\/\/schick.cl\/participaconschick\/terminos-y-condiciones\/\" target=\"_blank\" rel=\"noopener\">https:\/\/schick.cl\/participaconschick\/terminos-y-condiciones<\/a> [schick.cl]. Si desea m\u00e1s informaci\u00f3n, p\u00f3ngase en contacto con Servicio al cliente a trav\u00e9s de: <a href=\"https:\/\/schick.cl\/contactanos\/\" target=\"_blank\" rel=\"noopener\">https:\/\/schick.cl\/contactanos\/<\/a> [schick.cl]<\/p>\t\t\t\t\t\t\t\t<\/div>\n\t\t\t\t<\/div>\n\t\t\t\t<\/div>\n\t\t\t\t<\/div>\n\t\t","protected":false},"excerpt":{"rendered":"<p>1 compra $3.000 en productos Schick 2 registra Tu boleta en: participaconschick.com 3 \u00a1y listo! ya est\u00e1s participando Promoci\u00f3n v\u00e1lida del 27 de Febrero al 30 de Abril del 2026 en tiendas f\u00edsicas y digitales de Walmart, Jumbo, Santa Isabel, Unimarc, Tottus, Cruz Verde, Ahumada, Salcobrand, Preunic, Maicao, Liquimax y Cadena Lily a nivel nacional. [&hellip;]<\/p>\n","protected":false},"author":1,"featured_media":0,"parent":0,"menu_order":0,"comment_status":"closed","ping_status":"closed","template":"","meta":{"footnotes":""},"class_list":["post-463","page","type-page","status-publish","hentry"],"_links":{"self":[{"href":"https:\/\/schick.cl\/participaconschick\/wp-json\/wp\/v2\/pages\/463","targetHints":{"allow":["GET"]}}],"collection":[{"href":"https:\/\/schick.cl\/participaconschick\/wp-json\/wp\/v2\/pages"}],"about":[{"href":"https:\/\/schick.cl\/participaconschick\/wp-json\/wp\/v2\/types\/page"}],"author":[{"embeddable":true,"href":"https:\/\/schick.cl\/participaconschick\/wp-json\/wp\/v2\/users\/1"}],"replies":[{"embeddable":true,"href":"https:\/\/schick.cl\/participaconschick\/wp-json\/wp\/v2\/comments?post=463"}],"version-history":[{"count":447,"href":"https:\/\/schick.cl\/participaconschick\/wp-json\/wp\/v2\/pages\/463\/revisions"}],"predecessor-version":[{"id":3071,"href":"https:\/\/schick.cl\/participaconschick\/wp-json\/wp\/v2\/pages\/463\/revisions\/3071"}],"wp:attachment":[{"href":"https:\/\/schick.cl\/participaconschick\/wp-json\/wp\/v2\/media?parent=463"}],"curies":[{"name":"wp","href":"https:\/\/api.w.org\/{rel}","templated":true}]}}