{"id":405,"date":"2025-03-14T15:36:04","date_gmt":"2025-03-14T20:36:04","guid":{"rendered":"https:\/\/schick.cl\/participaconschick\/?page_id=405"},"modified":"2026-02-24T18:03:24","modified_gmt":"2026-02-24T21:03:24","slug":"compra-aqui","status":"publish","type":"page","link":"https:\/\/schick.cl\/participaconschick\/compra-aqui\/","title":{"rendered":"Compra aqu\u00ed"},"content":{"rendered":"\t\t<div data-elementor-type=\"wp-page\" data-elementor-id=\"405\" class=\"elementor elementor-405\" data-elementor-post-type=\"page\">\n\t\t\t\t<div class=\"elementor-element elementor-element-58f14c2 e-flex e-con-boxed e-con e-parent\" data-id=\"58f14c2\" data-element_type=\"container\" data-e-type=\"container\">\n\t\t\t\t\t<div class=\"e-con-inner\">\n\t\t\t\t<div class=\"elementor-element elementor-element-6f4036a elementor-widget elementor-widget-image\" data-id=\"6f4036a\" data-element_type=\"widget\" data-e-type=\"widget\" data-widget_type=\"image.default\">\n\t\t\t\t<div class=\"elementor-widget-container\">\n\t\t\t\t\t\t\t\t\t\t\t\t\t\t\t<img fetchpriority=\"high\" decoding=\"async\" width=\"392\" height=\"182\" src=\"https:\/\/schick.cl\/participaconschick\/wp-content\/uploads\/2026\/01\/afeitate-con-schick.svg\" class=\"attachment-large size-large wp-image-2398\" alt=\"\" \/>\t\t\t\t\t\t\t\t\t\t\t\t\t\t\t<\/div>\n\t\t\t\t<\/div>\n\t\t\t\t<div class=\"elementor-element elementor-element-fb4c98d elementor-pagination-type-bullets elementor-pagination-position-outside elementor-widget elementor-widget-n-carousel\" data-id=\"fb4c98d\" data-element_type=\"widget\" data-e-type=\"widget\" data-settings=\"{&quot;carousel_items&quot;:[{&quot;slide_title&quot;:&quot;Lider&quot;,&quot;_id&quot;:&quot;8459f84&quot;},{&quot;slide_title&quot;:&quot;Jumbo&quot;,&quot;_id&quot;:&quot;89f7cee&quot;},{&quot;slide_title&quot;:&quot;Unimarc&quot;,&quot;_id&quot;:&quot;2b78339&quot;},{&quot;slide_title&quot;:&quot;SB&quot;,&quot;_id&quot;:&quot;8ad5844&quot;},{&quot;slide_title&quot;:&quot;Ahumada&quot;,&quot;_id&quot;:&quot;4bc9865&quot;},{&quot;slide_title&quot;:&quot;Cruz Verde&quot;,&quot;_id&quot;:&quot;950f62d&quot;}],&quot;slides_to_show&quot;:&quot;6&quot;,&quot;slides_to_show_tablet&quot;:&quot;4&quot;,&quot;slides_to_show_mobile&quot;:&quot;2&quot;,&quot;image_spacing_custom&quot;:{&quot;unit&quot;:&quot;px&quot;,&quot;size&quot;:50,&quot;sizes&quot;:[]},&quot;image_spacing_custom_tablet&quot;:{&quot;unit&quot;:&quot;px&quot;,&quot;size&quot;:20,&quot;sizes&quot;:[]},&quot;speed&quot;:500,&quot;pagination&quot;:&quot;bullets&quot;,&quot;image_spacing_custom_mobile&quot;:{&quot;unit&quot;:&quot;px&quot;,&quot;size&quot;:&quot;&quot;,&quot;sizes&quot;:[]}}\" data-widget_type=\"nested-carousel.default\">\n\t\t\t\t<div class=\"elementor-widget-container\">\n\t\t\t\t\t\t\t<div class=\"e-n-carousel swiper\" role=\"region\" aria-roledescription=\"carousel\" aria-label=\"Carousel\" dir=\"ltr\">\n\t\t\t<div class=\"swiper-wrapper\" aria-live=\"polite\">\n\t\t\t\t\t\t\t\t\t\t<div class=\"swiper-slide\" data-slide=\"1\" role=\"group\" aria-roledescription=\"slide\" aria-label=\"1 of 6\">\n\t\t\t\t\t\t\t<div class=\"elementor-element elementor-element-f448cfc e-flex e-con-boxed e-con e-child\" data-id=\"f448cfc\" data-element_type=\"container\" data-e-type=\"container\">\n\t\t\t\t\t<div class=\"e-con-inner\">\n\t\t\t\t<div class=\"elementor-element elementor-element-2780e65 elementor-widget elementor-widget-image\" data-id=\"2780e65\" data-element_type=\"widget\" data-e-type=\"widget\" data-widget_type=\"image.default\">\n\t\t\t\t<div class=\"elementor-widget-container\">\n\t\t\t\t\t\t\t\t\t\t\t\t\t\t\t\t<a href=\"https:\/\/super.lider.cl\/search?q=schick\" target=\"_blank\">\n\t\t\t\t\t\t\t<img decoding=\"async\" width=\"286\" height=\"286\" src=\"https:\/\/schick.cl\/participaconschick\/wp-content\/uploads\/2026\/01\/lider.webp\" class=\"attachment-large size-large wp-image-2509\" alt=\"\" \/>\t\t\t\t\t\t\t\t<\/a>\n\t\t\t\t\t\t\t\t\t\t\t\t\t\t\t<\/div>\n\t\t\t\t<\/div>\n\t\t\t\t<div class=\"elementor-element elementor-element-100cd58 elementor-align-justify elementor-widget elementor-widget-button\" data-id=\"100cd58\" data-element_type=\"widget\" data-e-type=\"widget\" data-widget_type=\"button.default\">\n\t\t\t\t<div class=\"elementor-widget-container\">\n\t\t\t\t\t\t\t\t\t<div class=\"elementor-button-wrapper\">\n\t\t\t\t\t<a class=\"elementor-button elementor-button-link elementor-size-sm\" href=\"https:\/\/super.lider.cl\/search?q=schick\" target=\"_blank\">\n\t\t\t\t\t\t<span class=\"elementor-button-content-wrapper\">\n\t\t\t\t\t\t\t\t\t<span class=\"elementor-button-text\">Comprar<\/span>\n\t\t\t\t\t<\/span>\n\t\t\t\t\t<\/a>\n\t\t\t\t<\/div>\n\t\t\t\t\t\t\t\t<\/div>\n\t\t\t\t<\/div>\n\t\t\t\t\t<\/div>\n\t\t\t\t<\/div>\n\t\t\t\t\t\t\t\t<\/div>\n\t\t\t\t\t\t\t\t\t\t\t<div class=\"swiper-slide\" data-slide=\"2\" role=\"group\" aria-roledescription=\"slide\" aria-label=\"2 of 6\">\n\t\t\t\t\t\t\t<div class=\"elementor-element elementor-element-786d4e6 e-flex e-con-boxed e-con e-child\" data-id=\"786d4e6\" data-element_type=\"container\" data-e-type=\"container\">\n\t\t\t\t\t<div class=\"e-con-inner\">\n\t\t\t\t<div class=\"elementor-element elementor-element-52e9cdd elementor-widget elementor-widget-image\" data-id=\"52e9cdd\" data-element_type=\"widget\" data-e-type=\"widget\" data-widget_type=\"image.default\">\n\t\t\t\t<div class=\"elementor-widget-container\">\n\t\t\t\t\t\t\t\t\t\t\t\t\t\t\t\t<a href=\"https:\/\/www.jumbo.cl\/busqueda?ft=schick\" target=\"_blank\">\n\t\t\t\t\t\t\t<img decoding=\"async\" width=\"297\" height=\"297\" src=\"https:\/\/schick.cl\/participaconschick\/wp-content\/uploads\/2026\/01\/jumbo.webp\" class=\"attachment-large size-large wp-image-2508\" alt=\"\" \/>\t\t\t\t\t\t\t\t<\/a>\n\t\t\t\t\t\t\t\t\t\t\t\t\t\t\t<\/div>\n\t\t\t\t<\/div>\n\t\t\t\t<div class=\"elementor-element elementor-element-750b6cb elementor-align-justify elementor-widget elementor-widget-button\" data-id=\"750b6cb\" data-element_type=\"widget\" data-e-type=\"widget\" data-widget_type=\"button.default\">\n\t\t\t\t<div class=\"elementor-widget-container\">\n\t\t\t\t\t\t\t\t\t<div class=\"elementor-button-wrapper\">\n\t\t\t\t\t<a class=\"elementor-button elementor-button-link elementor-size-sm\" href=\"https:\/\/www.jumbo.cl\/busqueda?ft=schick\" target=\"_blank\">\n\t\t\t\t\t\t<span class=\"elementor-button-content-wrapper\">\n\t\t\t\t\t\t\t\t\t<span class=\"elementor-button-text\">Comprar<\/span>\n\t\t\t\t\t<\/span>\n\t\t\t\t\t<\/a>\n\t\t\t\t<\/div>\n\t\t\t\t\t\t\t\t<\/div>\n\t\t\t\t<\/div>\n\t\t\t\t\t<\/div>\n\t\t\t\t<\/div>\n\t\t\t\t\t\t\t\t<\/div>\n\t\t\t\t\t\t\t\t\t\t\t<div class=\"swiper-slide\" data-slide=\"3\" role=\"group\" aria-roledescription=\"slide\" aria-label=\"3 of 6\">\n\t\t\t\t\t\t\t<div class=\"elementor-element elementor-element-7540948 e-flex e-con-boxed e-con e-child\" data-id=\"7540948\" data-element_type=\"container\" data-e-type=\"container\">\n\t\t\t\t\t<div class=\"e-con-inner\">\n\t\t\t\t<div class=\"elementor-element elementor-element-444a6b1 elementor-widget elementor-widget-image\" data-id=\"444a6b1\" data-element_type=\"widget\" data-e-type=\"widget\" data-widget_type=\"image.default\">\n\t\t\t\t<div class=\"elementor-widget-container\">\n\t\t\t\t\t\t\t\t\t\t\t\t\t\t\t\t<a href=\"https:\/\/www.unimarc.cl\/search?brands=schick&#038;q=schick&#038;suggestions=true\" target=\"_blank\">\n\t\t\t\t\t\t\t<img loading=\"lazy\" decoding=\"async\" width=\"288\" height=\"288\" src=\"https:\/\/schick.cl\/participaconschick\/wp-content\/uploads\/2026\/01\/unimarc.webp\" class=\"attachment-large size-large wp-image-2511\" alt=\"\" \/>\t\t\t\t\t\t\t\t<\/a>\n\t\t\t\t\t\t\t\t\t\t\t\t\t\t\t<\/div>\n\t\t\t\t<\/div>\n\t\t\t\t<div class=\"elementor-element elementor-element-a15162b elementor-align-justify elementor-widget elementor-widget-button\" data-id=\"a15162b\" data-element_type=\"widget\" data-e-type=\"widget\" data-widget_type=\"button.default\">\n\t\t\t\t<div class=\"elementor-widget-container\">\n\t\t\t\t\t\t\t\t\t<div class=\"elementor-button-wrapper\">\n\t\t\t\t\t<a class=\"elementor-button elementor-button-link elementor-size-sm\" href=\"https:\/\/www.unimarc.cl\/search?brands=schick&#038;q=schick&#038;suggestions=true\" target=\"_blank\">\n\t\t\t\t\t\t<span class=\"elementor-button-content-wrapper\">\n\t\t\t\t\t\t\t\t\t<span class=\"elementor-button-text\">Comprar<\/span>\n\t\t\t\t\t<\/span>\n\t\t\t\t\t<\/a>\n\t\t\t\t<\/div>\n\t\t\t\t\t\t\t\t<\/div>\n\t\t\t\t<\/div>\n\t\t\t\t\t<\/div>\n\t\t\t\t<\/div>\n\t\t\t\t\t\t\t\t<\/div>\n\t\t\t\t\t\t\t\t\t\t\t<div class=\"swiper-slide\" data-slide=\"4\" role=\"group\" aria-roledescription=\"slide\" aria-label=\"4 of 6\">\n\t\t\t\t\t\t\t<div class=\"elementor-element elementor-element-9d3378f e-flex e-con-boxed e-con e-child\" data-id=\"9d3378f\" data-element_type=\"container\" data-e-type=\"container\">\n\t\t\t\t\t<div class=\"e-con-inner\">\n\t\t\t\t<div class=\"elementor-element elementor-element-8af1356 elementor-widget elementor-widget-image\" data-id=\"8af1356\" data-element_type=\"widget\" data-e-type=\"widget\" data-widget_type=\"image.default\">\n\t\t\t\t<div class=\"elementor-widget-container\">\n\t\t\t\t\t\t\t\t\t\t\t\t\t\t\t\t<a href=\"https:\/\/salcobrand.cl\/campaigns\/todo-schick-2026?utm_source=meta-schick&#038;utm_medium=referral&#038;utm_campaign=meta-todo-schick-2026\" target=\"_blank\">\n\t\t\t\t\t\t\t<img loading=\"lazy\" decoding=\"async\" width=\"306\" height=\"295\" src=\"https:\/\/schick.cl\/participaconschick\/wp-content\/uploads\/2026\/01\/salcobrand.webp\" class=\"attachment-large size-large wp-image-2510\" alt=\"\" \/>\t\t\t\t\t\t\t\t<\/a>\n\t\t\t\t\t\t\t\t\t\t\t\t\t\t\t<\/div>\n\t\t\t\t<\/div>\n\t\t\t\t<div class=\"elementor-element elementor-element-d1d2458 elementor-align-justify elementor-widget elementor-widget-button\" data-id=\"d1d2458\" data-element_type=\"widget\" data-e-type=\"widget\" data-widget_type=\"button.default\">\n\t\t\t\t<div class=\"elementor-widget-container\">\n\t\t\t\t\t\t\t\t\t<div class=\"elementor-button-wrapper\">\n\t\t\t\t\t<a class=\"elementor-button elementor-button-link elementor-size-sm\" href=\"https:\/\/salcobrand.cl\/campaigns\/todo-schick-2026?utm_source=meta-schick&#038;utm_medium=referral&#038;utm_campaign=meta-todo-schick-2026\" target=\"_blank\">\n\t\t\t\t\t\t<span class=\"elementor-button-content-wrapper\">\n\t\t\t\t\t\t\t\t\t<span class=\"elementor-button-text\">Comprar<\/span>\n\t\t\t\t\t<\/span>\n\t\t\t\t\t<\/a>\n\t\t\t\t<\/div>\n\t\t\t\t\t\t\t\t<\/div>\n\t\t\t\t<\/div>\n\t\t\t\t\t<\/div>\n\t\t\t\t<\/div>\n\t\t\t\t\t\t\t\t<\/div>\n\t\t\t\t\t\t\t\t\t\t\t<div class=\"swiper-slide\" data-slide=\"5\" role=\"group\" aria-roledescription=\"slide\" aria-label=\"5 of 6\">\n\t\t\t\t\t\t\t<div class=\"elementor-element elementor-element-4e64f62 e-flex e-con-boxed e-con e-child\" data-id=\"4e64f62\" data-element_type=\"container\" data-e-type=\"container\">\n\t\t\t\t\t<div class=\"e-con-inner\">\n\t\t\t\t<div class=\"elementor-element elementor-element-5d7c518 elementor-widget elementor-widget-image\" data-id=\"5d7c518\" data-element_type=\"widget\" data-e-type=\"widget\" data-widget_type=\"image.default\">\n\t\t\t\t<div class=\"elementor-widget-container\">\n\t\t\t\t\t\t\t\t\t\t\t\t\t\t\t\t<a href=\"https:\/\/www.farmaciasahumada.cl\/search?q=schick&#038;search-button=&#038;lang=null\" target=\"_blank\">\n\t\t\t\t\t\t\t<img loading=\"lazy\" decoding=\"async\" width=\"288\" height=\"288\" src=\"https:\/\/schick.cl\/participaconschick\/wp-content\/uploads\/2026\/01\/ahumada.webp\" class=\"attachment-large size-large wp-image-2507\" alt=\"\" \/>\t\t\t\t\t\t\t\t<\/a>\n\t\t\t\t\t\t\t\t\t\t\t\t\t\t\t<\/div>\n\t\t\t\t<\/div>\n\t\t\t\t<div class=\"elementor-element elementor-element-69b159d elementor-align-justify elementor-widget elementor-widget-button\" data-id=\"69b159d\" data-element_type=\"widget\" data-e-type=\"widget\" data-widget_type=\"button.default\">\n\t\t\t\t<div class=\"elementor-widget-container\">\n\t\t\t\t\t\t\t\t\t<div class=\"elementor-button-wrapper\">\n\t\t\t\t\t<a class=\"elementor-button elementor-button-link elementor-size-sm\" href=\"https:\/\/www.farmaciasahumada.cl\/search?q=schick&#038;search-button=&#038;lang=null\" target=\"_blank\">\n\t\t\t\t\t\t<span class=\"elementor-button-content-wrapper\">\n\t\t\t\t\t\t\t\t\t<span class=\"elementor-button-text\">Comprar<\/span>\n\t\t\t\t\t<\/span>\n\t\t\t\t\t<\/a>\n\t\t\t\t<\/div>\n\t\t\t\t\t\t\t\t<\/div>\n\t\t\t\t<\/div>\n\t\t\t\t\t<\/div>\n\t\t\t\t<\/div>\n\t\t\t\t\t\t\t\t<\/div>\n\t\t\t\t\t\t\t\t\t\t\t<div class=\"swiper-slide\" data-slide=\"6\" role=\"group\" aria-roledescription=\"slide\" aria-label=\"6 of 6\">\n\t\t\t\t\t\t\t<div class=\"elementor-element elementor-element-e57f011 e-flex e-con-boxed e-con e-child\" data-id=\"e57f011\" data-element_type=\"container\" data-e-type=\"container\">\n\t\t\t\t\t<div class=\"e-con-inner\">\n\t\t\t\t<div class=\"elementor-element elementor-element-1ed0558 elementor-widget elementor-widget-image\" data-id=\"1ed0558\" data-element_type=\"widget\" data-e-type=\"widget\" data-widget_type=\"image.default\">\n\t\t\t\t<div class=\"elementor-widget-container\">\n\t\t\t\t\t\t\t\t\t\t\t\t\t\t\t\t<a href=\"https:\/\/www.cruzverde.cl\/search?query=schick\" target=\"_blank\">\n\t\t\t\t\t\t\t<img loading=\"lazy\" decoding=\"async\" width=\"289\" height=\"289\" src=\"https:\/\/schick.cl\/participaconschick\/wp-content\/uploads\/2026\/02\/cruz-verde.webp\" class=\"attachment-large size-large wp-image-3027\" alt=\"\" \/>\t\t\t\t\t\t\t\t<\/a>\n\t\t\t\t\t\t\t\t\t\t\t\t\t\t\t<\/div>\n\t\t\t\t<\/div>\n\t\t\t\t<div class=\"elementor-element elementor-element-d35b595 elementor-align-justify elementor-widget elementor-widget-button\" data-id=\"d35b595\" data-element_type=\"widget\" data-e-type=\"widget\" data-widget_type=\"button.default\">\n\t\t\t\t<div class=\"elementor-widget-container\">\n\t\t\t\t\t\t\t\t\t<div class=\"elementor-button-wrapper\">\n\t\t\t\t\t<a class=\"elementor-button elementor-button-link elementor-size-sm\" href=\"https:\/\/www.cruzverde.cl\/search?query=schick\" target=\"_blank\">\n\t\t\t\t\t\t<span class=\"elementor-button-content-wrapper\">\n\t\t\t\t\t\t\t\t\t<span class=\"elementor-button-text\">Comprar<\/span>\n\t\t\t\t\t<\/span>\n\t\t\t\t\t<\/a>\n\t\t\t\t<\/div>\n\t\t\t\t\t\t\t\t<\/div>\n\t\t\t\t<\/div>\n\t\t\t\t\t<\/div>\n\t\t\t\t<\/div>\n\t\t\t\t\t\t\t\t<\/div>\n\t\t\t\t\t\t\t\t<\/div>\n\t\t<\/div>\n\t\t\t\t\t<div class=\"swiper-pagination\"><\/div>\n\t\t\t\t\t\t<\/div>\n\t\t\t\t<\/div>\n\t\t\t\t\t<\/div>\n\t\t\t\t<\/div>\n\t\t<div class=\"elementor-element elementor-element-79013f2 e-con-full e-flex e-con e-parent\" data-id=\"79013f2\" data-element_type=\"container\" data-e-type=\"container\" data-settings=\"{&quot;background_background&quot;:&quot;classic&quot;}\">\n\t\t\t\t<div class=\"elementor-element elementor-element-8318749 elementor-widget elementor-widget-text-editor\" data-id=\"8318749\" data-element_type=\"widget\" data-e-type=\"widget\" data-widget_type=\"text-editor.default\">\n\t\t\t\t<div class=\"elementor-widget-container\">\n\t\t\t\t\t\t\t\t\t<p>Promoci\u00f3n v\u00e1lida del 27 de Febrero al 30 de Abril del 2026 en tiendas f\u00edsicas y digitales de Walmart, Jumbo, Santa Isabel, Unimarc, Tottus, Cruz Verde, Ahumada, Salcobrand, Preunic, Maicao, Liquimax y Cadena Lily a nivel nacional. Por compras desde $3.000 en productos Schick, en las tiendas antes mencionadas, podr\u00e1s participar en el sorteo para ganar uno de los 25 premios, donde cada ganador recibir\u00e1 $1.000.000. Para participar debes ser mayor de 18 a\u00f1os y registrar tu boleta de compra en <a href=\"https:\/\/schick.cl\/participaconschick\/\" target=\"_blank\" rel=\"noopener\">www.participaconschick.com<\/a>. N\u00famero total de premios a entregar son 25, que totalizan $25.000.000 para ser repartidos entre los ganadores, con independencia de su g\u00e9nero. Aplican t\u00e9rminos y condiciones contenidos en Bases protocolizadas en Notaria Alvaro Gonz\u00e1les Salinas y adem\u00e1s, se encuentran publicados en <a href=\"https:\/\/schick.cl\/participaconschick\/terminos-y-condiciones\/\" target=\"_blank\" rel=\"noopener\">https:\/\/schick.cl\/participaconschick\/terminos-y-condiciones<\/a> [schick.cl]. Si desea m\u00e1s informaci\u00f3n, p\u00f3ngase en contacto con Servicio al cliente a trav\u00e9s de: <a href=\"https:\/\/schick.cl\/contactanos\/\" target=\"_blank\" rel=\"noopener\">https:\/\/schick.cl\/contactanos\/<\/a> [schick.cl]<\/p>\t\t\t\t\t\t\t\t<\/div>\n\t\t\t\t<\/div>\n\t\t\t\t<\/div>\n\t\t\t\t<\/div>\n\t\t","protected":false},"excerpt":{"rendered":"<p>Comprar Comprar Comprar Comprar Comprar Comprar Comprar Comprar Comprar Comprar Comprar Comprar Promoci\u00f3n v\u00e1lida del 27 de Febrero al 30 de Abril del 2026 en tiendas f\u00edsicas y digitales de Walmart, Jumbo, Santa Isabel, Unimarc, Tottus, Cruz Verde, Ahumada, Salcobrand, Preunic, Maicao, Liquimax y Cadena Lily a nivel nacional. Por compras desde $3.000 en productos [&hellip;]<\/p>\n","protected":false},"author":1,"featured_media":0,"parent":0,"menu_order":0,"comment_status":"closed","ping_status":"closed","template":"","meta":{"footnotes":""},"class_list":["post-405","page","type-page","status-publish","hentry"],"_links":{"self":[{"href":"https:\/\/schick.cl\/participaconschick\/wp-json\/wp\/v2\/pages\/405","targetHints":{"allow":["GET"]}}],"collection":[{"href":"https:\/\/schick.cl\/participaconschick\/wp-json\/wp\/v2\/pages"}],"about":[{"href":"https:\/\/schick.cl\/participaconschick\/wp-json\/wp\/v2\/types\/page"}],"author":[{"embeddable":true,"href":"https:\/\/schick.cl\/participaconschick\/wp-json\/wp\/v2\/users\/1"}],"replies":[{"embeddable":true,"href":"https:\/\/schick.cl\/participaconschick\/wp-json\/wp\/v2\/comments?post=405"}],"version-history":[{"count":198,"href":"https:\/\/schick.cl\/participaconschick\/wp-json\/wp\/v2\/pages\/405\/revisions"}],"predecessor-version":[{"id":3047,"href":"https:\/\/schick.cl\/participaconschick\/wp-json\/wp\/v2\/pages\/405\/revisions\/3047"}],"wp:attachment":[{"href":"https:\/\/schick.cl\/participaconschick\/wp-json\/wp\/v2\/media?parent=405"}],"curies":[{"name":"wp","href":"https:\/\/api.w.org\/{rel}","templated":true}]}}