{"id":343,"date":"2025-03-14T15:05:15","date_gmt":"2025-03-14T20:05:15","guid":{"rendered":"https:\/\/schick.cl\/participaconschick\/?page_id=343"},"modified":"2026-02-24T18:03:31","modified_gmt":"2026-02-24T21:03:31","slug":"documentos-legales","status":"publish","type":"page","link":"https:\/\/schick.cl\/participaconschick\/documentos-legales\/","title":{"rendered":"Documentos legales"},"content":{"rendered":"\t\t<div data-elementor-type=\"wp-page\" data-elementor-id=\"343\" class=\"elementor elementor-343\" data-elementor-post-type=\"page\">\n\t\t\t\t<div class=\"elementor-element elementor-element-37c0394 e-flex e-con-boxed e-con e-parent\" data-id=\"37c0394\" data-element_type=\"container\" data-e-type=\"container\">\n\t\t\t\t\t<div class=\"e-con-inner\">\n\t\t\t\t<div class=\"elementor-element elementor-element-604dbdb elementor-widget elementor-widget-image\" data-id=\"604dbdb\" data-element_type=\"widget\" data-e-type=\"widget\" data-widget_type=\"image.default\">\n\t\t\t\t<div class=\"elementor-widget-container\">\n\t\t\t\t\t\t\t\t\t\t\t\t\t\t\t<img fetchpriority=\"high\" decoding=\"async\" width=\"392\" height=\"182\" src=\"https:\/\/schick.cl\/participaconschick\/wp-content\/uploads\/2026\/01\/afeitate-con-schick.svg\" class=\"attachment-large size-large wp-image-2398\" alt=\"\" \/>\t\t\t\t\t\t\t\t\t\t\t\t\t\t\t<\/div>\n\t\t\t\t<\/div>\n\t\t\t\t<div class=\"elementor-element elementor-element-549e2fd elementor-widget elementor-widget-heading\" data-id=\"549e2fd\" data-element_type=\"widget\" data-e-type=\"widget\" data-widget_type=\"heading.default\">\n\t\t\t\t<div class=\"elementor-widget-container\">\n\t\t\t\t\t<h2 class=\"elementor-heading-title elementor-size-default\">Documentos legales<\/h2>\t\t\t\t<\/div>\n\t\t\t\t<\/div>\n\t\t\t\t<div class=\"elementor-element elementor-element-b4f7c06 elementor-align-justify elementor-widget__width-initial elementor-widget elementor-widget-button\" data-id=\"b4f7c06\" data-element_type=\"widget\" data-e-type=\"widget\" data-widget_type=\"button.default\">\n\t\t\t\t<div class=\"elementor-widget-container\">\n\t\t\t\t\t\t\t\t\t<div class=\"elementor-button-wrapper\">\n\t\t\t\t\t<a class=\"elementor-button elementor-button-link elementor-size-sm\" href=\"https:\/\/schick.cl\/menciones-legales\/\" target=\"_blank\">\n\t\t\t\t\t\t<span class=\"elementor-button-content-wrapper\">\n\t\t\t\t\t\t\t\t\t<span class=\"elementor-button-text\">Menciones legales<\/span>\n\t\t\t\t\t<\/span>\n\t\t\t\t\t<\/a>\n\t\t\t\t<\/div>\n\t\t\t\t\t\t\t\t<\/div>\n\t\t\t\t<\/div>\n\t\t\t\t<div class=\"elementor-element elementor-element-ce1adbb elementor-align-justify elementor-widget__width-initial elementor-widget elementor-widget-button\" data-id=\"ce1adbb\" data-element_type=\"widget\" data-e-type=\"widget\" data-widget_type=\"button.default\">\n\t\t\t\t<div class=\"elementor-widget-container\">\n\t\t\t\t\t\t\t\t\t<div class=\"elementor-button-wrapper\">\n\t\t\t\t\t<a class=\"elementor-button elementor-button-link elementor-size-sm\" href=\"https:\/\/schick.cl\/condiciones-de-uso\/\" target=\"_blank\">\n\t\t\t\t\t\t<span class=\"elementor-button-content-wrapper\">\n\t\t\t\t\t\t\t\t\t<span class=\"elementor-button-text\">Condiciones de uso<\/span>\n\t\t\t\t\t<\/span>\n\t\t\t\t\t<\/a>\n\t\t\t\t<\/div>\n\t\t\t\t\t\t\t\t<\/div>\n\t\t\t\t<\/div>\n\t\t\t\t<div class=\"elementor-element elementor-element-aae34b3 elementor-align-justify elementor-widget__width-initial elementor-widget elementor-widget-button\" data-id=\"aae34b3\" data-element_type=\"widget\" data-e-type=\"widget\" data-widget_type=\"button.default\">\n\t\t\t\t<div class=\"elementor-widget-container\">\n\t\t\t\t\t\t\t\t\t<div class=\"elementor-button-wrapper\">\n\t\t\t\t\t<a class=\"elementor-button elementor-button-link elementor-size-sm\" href=\"https:\/\/schick.cl\/politica-de-privacidad\/\" target=\"_blank\">\n\t\t\t\t\t\t<span class=\"elementor-button-content-wrapper\">\n\t\t\t\t\t\t\t\t\t<span class=\"elementor-button-text\">Pol\u00edtica de privacidad<\/span>\n\t\t\t\t\t<\/span>\n\t\t\t\t\t<\/a>\n\t\t\t\t<\/div>\n\t\t\t\t\t\t\t\t<\/div>\n\t\t\t\t<\/div>\n\t\t\t\t<div class=\"elementor-element elementor-element-e64b7cd elementor-align-justify elementor-widget__width-initial elementor-widget elementor-widget-button\" data-id=\"e64b7cd\" data-element_type=\"widget\" data-e-type=\"widget\" data-widget_type=\"button.default\">\n\t\t\t\t<div class=\"elementor-widget-container\">\n\t\t\t\t\t\t\t\t\t<div class=\"elementor-button-wrapper\">\n\t\t\t\t\t<a class=\"elementor-button elementor-button-link elementor-size-sm\" href=\"https:\/\/schick.cl\/aviso-de-cookies\/\" target=\"_blank\">\n\t\t\t\t\t\t<span class=\"elementor-button-content-wrapper\">\n\t\t\t\t\t\t\t\t\t<span class=\"elementor-button-text\">Aviso de Cookies<\/span>\n\t\t\t\t\t<\/span>\n\t\t\t\t\t<\/a>\n\t\t\t\t<\/div>\n\t\t\t\t\t\t\t\t<\/div>\n\t\t\t\t<\/div>\n\t\t\t\t\t<\/div>\n\t\t\t\t<\/div>\n\t\t<div class=\"elementor-element elementor-element-be88892 e-con-full e-flex e-con e-parent\" data-id=\"be88892\" data-element_type=\"container\" data-e-type=\"container\" data-settings=\"{&quot;background_background&quot;:&quot;classic&quot;}\">\n\t\t\t\t<div class=\"elementor-element elementor-element-51c191b elementor-widget elementor-widget-text-editor\" data-id=\"51c191b\" data-element_type=\"widget\" data-e-type=\"widget\" data-widget_type=\"text-editor.default\">\n\t\t\t\t<div class=\"elementor-widget-container\">\n\t\t\t\t\t\t\t\t\t<p>Promoci\u00f3n v\u00e1lida del 27 de Febrero al 30 de Abril del 2026 en tiendas f\u00edsicas y digitales de Walmart, Jumbo, Santa Isabel, Unimarc, Tottus, Cruz Verde, Ahumada, Salcobrand, Preunic, Maicao, Liquimax y Cadena Lily a nivel nacional. Por compras desde $3.000 en productos Schick, en las tiendas antes mencionadas, podr\u00e1s participar en el sorteo para ganar uno de los 25 premios, donde cada ganador recibir\u00e1 $1.000.000. Para participar debes ser mayor de 18 a\u00f1os y registrar tu boleta de compra en <a href=\"https:\/\/schick.cl\/participaconschick\/\" target=\"_blank\" rel=\"noopener\">www.participaconschick.com<\/a>. N\u00famero total de premios a entregar son 25, que totalizan $25.000.000 para ser repartidos entre los ganadores, con independencia de su g\u00e9nero. Aplican t\u00e9rminos y condiciones contenidos en Bases protocolizadas en Notaria Alvaro Gonz\u00e1les Salinas y adem\u00e1s, se encuentran publicados en <a href=\"https:\/\/schick.cl\/participaconschick\/terminos-y-condiciones\/\" target=\"_blank\" rel=\"noopener\">https:\/\/schick.cl\/participaconschick\/terminos-y-condiciones<\/a> [schick.cl]. Si desea m\u00e1s informaci\u00f3n, p\u00f3ngase en contacto con Servicio al cliente a trav\u00e9s de: <a href=\"https:\/\/schick.cl\/contactanos\/\" target=\"_blank\" rel=\"noopener\">https:\/\/schick.cl\/contactanos\/<\/a> [schick.cl]<\/p>\t\t\t\t\t\t\t\t<\/div>\n\t\t\t\t<\/div>\n\t\t\t\t<\/div>\n\t\t\t\t<\/div>\n\t\t","protected":false},"excerpt":{"rendered":"<p>Documentos legales Menciones legales Condiciones de uso Pol\u00edtica de privacidad Aviso de Cookies Promoci\u00f3n v\u00e1lida del 27 de Febrero al 30 de Abril del 2026 en tiendas f\u00edsicas y digitales de Walmart, Jumbo, Santa Isabel, Unimarc, Tottus, Cruz Verde, Ahumada, Salcobrand, Preunic, Maicao, Liquimax y Cadena Lily a nivel nacional. Por compras desde $3.000 en [&hellip;]<\/p>\n","protected":false},"author":1,"featured_media":0,"parent":0,"menu_order":0,"comment_status":"closed","ping_status":"closed","template":"","meta":{"footnotes":""},"class_list":["post-343","page","type-page","status-publish","hentry"],"_links":{"self":[{"href":"https:\/\/schick.cl\/participaconschick\/wp-json\/wp\/v2\/pages\/343","targetHints":{"allow":["GET"]}}],"collection":[{"href":"https:\/\/schick.cl\/participaconschick\/wp-json\/wp\/v2\/pages"}],"about":[{"href":"https:\/\/schick.cl\/participaconschick\/wp-json\/wp\/v2\/types\/page"}],"author":[{"embeddable":true,"href":"https:\/\/schick.cl\/participaconschick\/wp-json\/wp\/v2\/users\/1"}],"replies":[{"embeddable":true,"href":"https:\/\/schick.cl\/participaconschick\/wp-json\/wp\/v2\/comments?post=343"}],"version-history":[{"count":96,"href":"https:\/\/schick.cl\/participaconschick\/wp-json\/wp\/v2\/pages\/343\/revisions"}],"predecessor-version":[{"id":3050,"href":"https:\/\/schick.cl\/participaconschick\/wp-json\/wp\/v2\/pages\/343\/revisions\/3050"}],"wp:attachment":[{"href":"https:\/\/schick.cl\/participaconschick\/wp-json\/wp\/v2\/media?parent=343"}],"curies":[{"name":"wp","href":"https:\/\/api.w.org\/{rel}","templated":true}]}}