{"id":330,"date":"2025-03-14T15:00:15","date_gmt":"2025-03-14T20:00:15","guid":{"rendered":"https:\/\/schick.cl\/participaconschick\/?page_id=330"},"modified":"2026-02-24T18:03:52","modified_gmt":"2026-02-24T21:03:52","slug":"ganadores","status":"publish","type":"page","link":"https:\/\/schick.cl\/participaconschick\/ganadores\/","title":{"rendered":"Ganadores"},"content":{"rendered":"\t\t<div data-elementor-type=\"wp-page\" data-elementor-id=\"330\" class=\"elementor elementor-330\" data-elementor-post-type=\"page\">\n\t\t\t\t<div class=\"elementor-element elementor-element-781a83a e-con-full e-flex e-con e-parent\" data-id=\"781a83a\" data-element_type=\"container\" data-e-type=\"container\">\n\t\t<div class=\"elementor-element elementor-element-53e7cb2 e-con-full e-flex e-con e-child\" data-id=\"53e7cb2\" data-element_type=\"container\" data-e-type=\"container\">\n\t\t\t\t<div class=\"elementor-element elementor-element-f747f52 elementor-hidden-tablet elementor-hidden-mobile elementor-widget elementor-widget-image\" data-id=\"f747f52\" data-element_type=\"widget\" data-e-type=\"widget\" data-widget_type=\"image.default\">\n\t\t\t\t<div class=\"elementor-widget-container\">\n\t\t\t\t\t\t\t\t\t\t\t\t\t\t\t<img fetchpriority=\"high\" decoding=\"async\" width=\"800\" height=\"528\" src=\"https:\/\/schick.cl\/participaconschick\/wp-content\/uploads\/2026\/01\/afeitate-con-schick-001.webp\" class=\"attachment-large size-large wp-image-2243\" alt=\"\" srcset=\"https:\/\/schick.cl\/participaconschick\/wp-content\/uploads\/2026\/01\/afeitate-con-schick-001.webp 964w, https:\/\/schick.cl\/participaconschick\/wp-content\/uploads\/2026\/01\/afeitate-con-schick-001-800x528.webp 800w, https:\/\/schick.cl\/participaconschick\/wp-content\/uploads\/2026\/01\/afeitate-con-schick-001-768x507.webp 768w\" sizes=\"(max-width: 800px) 100vw, 800px\" \/>\t\t\t\t\t\t\t\t\t\t\t\t\t\t\t<\/div>\n\t\t\t\t<\/div>\n\t\t\t\t<div class=\"elementor-element elementor-element-6bec684 elementor-widget elementor-widget-image\" data-id=\"6bec684\" data-element_type=\"widget\" data-e-type=\"widget\" data-widget_type=\"image.default\">\n\t\t\t\t<div class=\"elementor-widget-container\">\n\t\t\t\t\t\t\t\t\t\t\t\t\t\t\t<img decoding=\"async\" width=\"800\" height=\"875\" src=\"https:\/\/schick.cl\/participaconschick\/wp-content\/uploads\/2026\/01\/afeitate-con-schick-002.webp\" class=\"attachment-large size-large wp-image-2250\" alt=\"\" srcset=\"https:\/\/schick.cl\/participaconschick\/wp-content\/uploads\/2026\/01\/afeitate-con-schick-002.webp 960w, https:\/\/schick.cl\/participaconschick\/wp-content\/uploads\/2026\/01\/afeitate-con-schick-002-731x800.webp 731w, https:\/\/schick.cl\/participaconschick\/wp-content\/uploads\/2026\/01\/afeitate-con-schick-002-768x840.webp 768w\" sizes=\"(max-width: 800px) 100vw, 800px\" \/>\t\t\t\t\t\t\t\t\t\t\t\t\t\t\t<\/div>\n\t\t\t\t<\/div>\n\t\t\t\t<\/div>\n\t\t<div class=\"elementor-element elementor-element-355f881 e-con-full e-flex e-con e-child\" data-id=\"355f881\" data-element_type=\"container\" data-e-type=\"container\">\n\t\t\t\t<div class=\"elementor-element elementor-element-60e9d0f elementor-hidden-desktop elementor-widget elementor-widget-image\" data-id=\"60e9d0f\" data-element_type=\"widget\" data-e-type=\"widget\" data-widget_type=\"image.default\">\n\t\t\t\t<div class=\"elementor-widget-container\">\n\t\t\t\t\t\t\t\t\t\t\t\t\t\t\t<img fetchpriority=\"high\" decoding=\"async\" width=\"800\" height=\"528\" src=\"https:\/\/schick.cl\/participaconschick\/wp-content\/uploads\/2026\/01\/afeitate-con-schick-001.webp\" class=\"attachment-large size-large wp-image-2243\" alt=\"\" srcset=\"https:\/\/schick.cl\/participaconschick\/wp-content\/uploads\/2026\/01\/afeitate-con-schick-001.webp 964w, https:\/\/schick.cl\/participaconschick\/wp-content\/uploads\/2026\/01\/afeitate-con-schick-001-800x528.webp 800w, https:\/\/schick.cl\/participaconschick\/wp-content\/uploads\/2026\/01\/afeitate-con-schick-001-768x507.webp 768w\" sizes=\"(max-width: 800px) 100vw, 800px\" \/>\t\t\t\t\t\t\t\t\t\t\t\t\t\t\t<\/div>\n\t\t\t\t<\/div>\n\t\t\t\t<div class=\"elementor-element elementor-element-36b6bc0 elementor-widget elementor-widget-heading\" data-id=\"36b6bc0\" data-element_type=\"widget\" data-e-type=\"widget\" data-widget_type=\"heading.default\">\n\t\t\t\t<div class=\"elementor-widget-container\">\n\t\t\t\t\t<h2 class=\"elementor-heading-title elementor-size-default\">Ganadores<\/h2>\t\t\t\t<\/div>\n\t\t\t\t<\/div>\n\t\t\t\t<div class=\"elementor-element elementor-element-5181622 elementor-widget elementor-widget-text-editor\" data-id=\"5181622\" data-element_type=\"widget\" data-e-type=\"widget\" data-widget_type=\"text-editor.default\">\n\t\t\t\t<div class=\"elementor-widget-container\">\n\t\t\t\t\t\t\t\t\t<p>Muy pronto sabr\u00e1s si eres uno de los <strong>GANADORES<\/strong>\u00a0faltan:<\/p>\t\t\t\t\t\t\t\t<\/div>\n\t\t\t\t<\/div>\n\t\t\t\t<div class=\"elementor-element elementor-element-be76eda elementor-widget__width-inherit elementor-countdown--label-block elementor-widget elementor-widget-countdown\" data-id=\"be76eda\" data-element_type=\"widget\" data-e-type=\"widget\" data-widget_type=\"countdown.default\">\n\t\t\t\t<div class=\"elementor-widget-container\">\n\t\t\t\t\t\t\t<div data-expire-actions=\"[{&quot;type&quot;:&quot;redirect&quot;,&quot;redirect_url&quot;:&quot;https:\\\/\\\/schick.cl\\\/participaconschick\\\/ganadores\\\/lista-de-ganadores\\\/&quot;}]\" class=\"elementor-countdown-wrapper\" data-date=\"1777607940\">\n\t\t\t<div class=\"elementor-countdown-item\"><span class=\"elementor-countdown-digits elementor-countdown-days\"><\/span> <span class=\"elementor-countdown-label\">D\u00edas<\/span><\/div><div class=\"elementor-countdown-item\"><span class=\"elementor-countdown-digits elementor-countdown-hours\"><\/span> <span class=\"elementor-countdown-label\">Horas<\/span><\/div><div class=\"elementor-countdown-item\"><span class=\"elementor-countdown-digits elementor-countdown-minutes\"><\/span> <span class=\"elementor-countdown-label\">Minutos<\/span><\/div><div class=\"elementor-countdown-item\"><span class=\"elementor-countdown-digits elementor-countdown-seconds\"><\/span> <span class=\"elementor-countdown-label\">Segundos<\/span><\/div>\t\t<\/div>\n\t\t\t\t\t\t<\/div>\n\t\t\t\t<\/div>\n\t\t\t\t<\/div>\n\t\t\t\t<\/div>\n\t\t<div class=\"elementor-element elementor-element-726b171 e-con-full e-flex e-con e-parent\" data-id=\"726b171\" data-element_type=\"container\" data-e-type=\"container\" data-settings=\"{&quot;background_background&quot;:&quot;classic&quot;}\">\n\t\t\t\t<div class=\"elementor-element elementor-element-18d28db elementor-widget elementor-widget-text-editor\" data-id=\"18d28db\" data-element_type=\"widget\" data-e-type=\"widget\" data-widget_type=\"text-editor.default\">\n\t\t\t\t<div class=\"elementor-widget-container\">\n\t\t\t\t\t\t\t\t\t<p>Promoci\u00f3n v\u00e1lida del 27 de Febrero al 30 de Abril del 2026 en tiendas f\u00edsicas y digitales de Walmart, Jumbo, Santa Isabel, Unimarc, Tottus, Cruz Verde, Ahumada, Salcobrand, Preunic, Maicao, Liquimax y Cadena Lily a nivel nacional. Por compras desde $3.000 en productos Schick, en las tiendas antes mencionadas, podr\u00e1s participar en el sorteo para ganar uno de los 25 premios, donde cada ganador recibir\u00e1 $1.000.000. Para participar debes ser mayor de 18 a\u00f1os y registrar tu boleta de compra en <a href=\"https:\/\/schick.cl\/participaconschick\/\" target=\"_blank\" rel=\"noopener\">www.participaconschick.com<\/a>. N\u00famero total de premios a entregar son 25, que totalizan $25.000.000 para ser repartidos entre los ganadores, con independencia de su g\u00e9nero. Aplican t\u00e9rminos y condiciones contenidos en Bases protocolizadas en Notaria Alvaro Gonz\u00e1les Salinas y adem\u00e1s, se encuentran publicados en <a href=\"https:\/\/schick.cl\/participaconschick\/terminos-y-condiciones\/\" target=\"_blank\" rel=\"noopener\">https:\/\/schick.cl\/participaconschick\/terminos-y-condiciones<\/a> [schick.cl]. Si desea m\u00e1s informaci\u00f3n, p\u00f3ngase en contacto con Servicio al cliente a trav\u00e9s de: <a href=\"https:\/\/schick.cl\/contactanos\/\" target=\"_blank\" rel=\"noopener\">https:\/\/schick.cl\/contactanos\/<\/a> [schick.cl]<\/p>\t\t\t\t\t\t\t\t<\/div>\n\t\t\t\t<\/div>\n\t\t\t\t<\/div>\n\t\t\t\t<\/div>\n\t\t","protected":false},"excerpt":{"rendered":"<p>Ganadores Muy pronto sabr\u00e1s si eres uno de los GANADORES\u00a0faltan: D\u00edas Horas Minutos Segundos Promoci\u00f3n v\u00e1lida del 27 de Febrero al 30 de Abril del 2026 en tiendas f\u00edsicas y digitales de Walmart, Jumbo, Santa Isabel, Unimarc, Tottus, Cruz Verde, Ahumada, Salcobrand, Preunic, Maicao, Liquimax y Cadena Lily a nivel nacional. Por compras desde $3.000 [&hellip;]<\/p>\n","protected":false},"author":1,"featured_media":0,"parent":0,"menu_order":0,"comment_status":"closed","ping_status":"closed","template":"","meta":{"footnotes":""},"class_list":["post-330","page","type-page","status-publish","hentry"],"_links":{"self":[{"href":"https:\/\/schick.cl\/participaconschick\/wp-json\/wp\/v2\/pages\/330","targetHints":{"allow":["GET"]}}],"collection":[{"href":"https:\/\/schick.cl\/participaconschick\/wp-json\/wp\/v2\/pages"}],"about":[{"href":"https:\/\/schick.cl\/participaconschick\/wp-json\/wp\/v2\/types\/page"}],"author":[{"embeddable":true,"href":"https:\/\/schick.cl\/participaconschick\/wp-json\/wp\/v2\/users\/1"}],"replies":[{"embeddable":true,"href":"https:\/\/schick.cl\/participaconschick\/wp-json\/wp\/v2\/comments?post=330"}],"version-history":[{"count":213,"href":"https:\/\/schick.cl\/participaconschick\/wp-json\/wp\/v2\/pages\/330\/revisions"}],"predecessor-version":[{"id":3059,"href":"https:\/\/schick.cl\/participaconschick\/wp-json\/wp\/v2\/pages\/330\/revisions\/3059"}],"wp:attachment":[{"href":"https:\/\/schick.cl\/participaconschick\/wp-json\/wp\/v2\/media?parent=330"}],"curies":[{"name":"wp","href":"https:\/\/api.w.org\/{rel}","templated":true}]}}