{"id":2,"date":"2025-03-12T16:31:35","date_gmt":"2025-03-12T21:31:35","guid":{"rendered":"https:\/\/schick.cl\/participaconschick\/?page_id=2"},"modified":"2026-02-24T18:04:11","modified_gmt":"2026-02-24T21:04:11","slug":"inicio","status":"publish","type":"page","link":"https:\/\/schick.cl\/participaconschick\/","title":{"rendered":"Inicio"},"content":{"rendered":"\t\t<div data-elementor-type=\"wp-page\" data-elementor-id=\"2\" class=\"elementor elementor-2\" data-elementor-post-type=\"page\">\n\t\t\t\t<div class=\"elementor-element elementor-element-307e8d1 e-con-full e-flex e-con e-parent\" data-id=\"307e8d1\" data-element_type=\"container\" data-e-type=\"container\">\n\t\t<div class=\"elementor-element elementor-element-69f2144 e-con-full e-flex e-con e-child\" data-id=\"69f2144\" data-element_type=\"container\" data-e-type=\"container\">\n\t\t\t\t<div class=\"elementor-element elementor-element-5b2a204 elementor-widget elementor-widget-image\" data-id=\"5b2a204\" data-element_type=\"widget\" data-e-type=\"widget\" data-widget_type=\"image.default\">\n\t\t\t\t<div class=\"elementor-widget-container\">\n\t\t\t\t\t\t\t\t\t\t\t\t\t\t\t<img fetchpriority=\"high\" decoding=\"async\" width=\"800\" height=\"528\" src=\"https:\/\/schick.cl\/participaconschick\/wp-content\/uploads\/2026\/01\/afeitate-con-schick-001.webp\" class=\"attachment-large size-large wp-image-2243\" alt=\"\" srcset=\"https:\/\/schick.cl\/participaconschick\/wp-content\/uploads\/2026\/01\/afeitate-con-schick-001.webp 964w, https:\/\/schick.cl\/participaconschick\/wp-content\/uploads\/2026\/01\/afeitate-con-schick-001-800x528.webp 800w, https:\/\/schick.cl\/participaconschick\/wp-content\/uploads\/2026\/01\/afeitate-con-schick-001-768x507.webp 768w\" sizes=\"(max-width: 800px) 100vw, 800px\" \/>\t\t\t\t\t\t\t\t\t\t\t\t\t\t\t<\/div>\n\t\t\t\t<\/div>\n\t\t\t\t<div class=\"elementor-element elementor-element-fcef8d8 elementor-hidden-mobile elementor-widget elementor-widget-image\" data-id=\"fcef8d8\" data-element_type=\"widget\" data-e-type=\"widget\" data-widget_type=\"image.default\">\n\t\t\t\t<div class=\"elementor-widget-container\">\n\t\t\t\t\t\t\t\t\t\t\t\t\t\t\t<img decoding=\"async\" width=\"800\" height=\"875\" src=\"https:\/\/schick.cl\/participaconschick\/wp-content\/uploads\/2026\/01\/afeitate-con-schick-002.webp\" class=\"attachment-large size-large wp-image-2250\" alt=\"\" srcset=\"https:\/\/schick.cl\/participaconschick\/wp-content\/uploads\/2026\/01\/afeitate-con-schick-002.webp 960w, https:\/\/schick.cl\/participaconschick\/wp-content\/uploads\/2026\/01\/afeitate-con-schick-002-731x800.webp 731w, https:\/\/schick.cl\/participaconschick\/wp-content\/uploads\/2026\/01\/afeitate-con-schick-002-768x840.webp 768w\" sizes=\"(max-width: 800px) 100vw, 800px\" \/>\t\t\t\t\t\t\t\t\t\t\t\t\t\t\t<\/div>\n\t\t\t\t<\/div>\n\t\t\t\t<\/div>\n\t\t<div class=\"elementor-element elementor-element-8e36fc0 e-con-full e-flex e-con e-child\" data-id=\"8e36fc0\" data-element_type=\"container\" data-e-type=\"container\">\n\t\t\t\t<div class=\"elementor-element elementor-element-9a77fd2 elementor-widget elementor-widget-heading\" data-id=\"9a77fd2\" data-element_type=\"widget\" data-e-type=\"widget\" data-widget_type=\"heading.default\">\n\t\t\t\t<div class=\"elementor-widget-container\">\n\t\t\t\t\t<h2 class=\"elementor-heading-title elementor-size-default\">Ingresa aqu\u00ed tus datos<\/h2>\t\t\t\t<\/div>\n\t\t\t\t<\/div>\n\t\t\t\t<div class=\"elementor-element elementor-element-3db2146 elementor-button-align-center elementor-widget elementor-widget-form\" data-id=\"3db2146\" data-element_type=\"widget\" data-e-type=\"widget\" data-settings=\"{&quot;step_next_label&quot;:&quot;Next&quot;,&quot;step_previous_label&quot;:&quot;Previous&quot;,&quot;button_width&quot;:&quot;100&quot;,&quot;step_type&quot;:&quot;number_text&quot;,&quot;step_icon_shape&quot;:&quot;circle&quot;}\" data-widget_type=\"form.default\">\n\t\t\t\t<div class=\"elementor-widget-container\">\n\t\t\t\t\t\t\t<form class=\"elementor-form\" method=\"post\" name=\"Ingresa aqu\u00ed tus datos\" aria-label=\"Ingresa aqu\u00ed tus datos\">\n\t\t\t<input type=\"hidden\" name=\"post_id\" value=\"2\"\/>\n\t\t\t<input type=\"hidden\" name=\"form_id\" value=\"3db2146\"\/>\n\t\t\t<input type=\"hidden\" name=\"referer_title\" value=\"\" \/>\n\n\t\t\t\n\t\t\t<div class=\"elementor-form-fields-wrapper elementor-labels-above\">\n\t\t\t\t\t\t\t\t<div class=\"elementor-field-type-text elementor-field-group elementor-column elementor-field-group-first_name elementor-col-50 elementor-md-100 elementor-field-required elementor-mark-required\">\n\t\t\t\t\t\t\t\t\t\t\t\t<label for=\"form-field-first_name\" class=\"elementor-field-label\">\n\t\t\t\t\t\t\t\tNombre\t\t\t\t\t\t\t<\/label>\n\t\t\t\t\t\t\t\t\t\t\t\t\t\t<input size=\"1\" type=\"text\" name=\"form_fields[first_name]\" id=\"form-field-first_name\" class=\"elementor-field elementor-size-sm  elementor-field-textual\" placeholder=\"Nombre\" required=\"required\">\n\t\t\t\t\t\t\t\t\t\t\t<\/div>\n\t\t\t\t\t\t\t\t<div class=\"elementor-field-type-text elementor-field-group elementor-column elementor-field-group-last_name elementor-col-50 elementor-md-100 elementor-field-required elementor-mark-required\">\n\t\t\t\t\t\t\t\t\t\t\t\t<label for=\"form-field-last_name\" class=\"elementor-field-label\">\n\t\t\t\t\t\t\t\tApellidos\t\t\t\t\t\t\t<\/label>\n\t\t\t\t\t\t\t\t\t\t\t\t\t\t<input size=\"1\" type=\"text\" name=\"form_fields[last_name]\" id=\"form-field-last_name\" class=\"elementor-field elementor-size-sm  elementor-field-textual\" placeholder=\"Apellidos\" required=\"required\">\n\t\t\t\t\t\t\t\t\t\t\t<\/div>\n\t\t\t\t\t\t\t\t<div class=\"elementor-field-type-text elementor-field-group elementor-column elementor-field-group-id elementor-col-100 elementor-field-required elementor-mark-required\">\n\t\t\t\t\t\t\t\t\t\t\t\t<label for=\"form-field-id\" class=\"elementor-field-label\">\n\t\t\t\t\t\t\t\tRUT\t\t\t\t\t\t\t<\/label>\n\t\t\t\t\t\t\t\t\t\t\t\t\t\t<input size=\"1\" type=\"text\" name=\"form_fields[id]\" id=\"form-field-id\" class=\"elementor-field elementor-size-sm  elementor-field-textual\" placeholder=\"Rut\" required=\"required\">\n\t\t\t\t\t\t\t\t\t\t\t<\/div>\n\t\t\t\t\t\t\t\t<div class=\"elementor-field-type-tel elementor-field-group elementor-column elementor-field-group-phone elementor-col-100\">\n\t\t\t\t\t\t\t\t\t\t\t\t<label for=\"form-field-phone\" class=\"elementor-field-label\">\n\t\t\t\t\t\t\t\tTel\u00e9fono\t\t\t\t\t\t\t<\/label>\n\t\t\t\t\t\t\t\t<input size=\"1\" type=\"tel\" name=\"form_fields[phone]\" id=\"form-field-phone\" class=\"elementor-field elementor-size-sm  elementor-field-textual\" placeholder=\"Tel\u00e9fono\" pattern=\"[0-9()#&amp;+*-=.]+\" title=\"Only numbers and phone characters (#, -, *, etc) are accepted.\">\n\n\t\t\t\t\t\t<\/div>\n\t\t\t\t\t\t\t\t<div class=\"elementor-field-type-email elementor-field-group elementor-column elementor-field-group-email elementor-col-100 elementor-field-required elementor-mark-required\">\n\t\t\t\t\t\t\t\t\t\t\t\t<label for=\"form-field-email\" class=\"elementor-field-label\">\n\t\t\t\t\t\t\t\tEmail\t\t\t\t\t\t\t<\/label>\n\t\t\t\t\t\t\t\t\t\t\t\t\t\t<input size=\"1\" type=\"email\" name=\"form_fields[email]\" id=\"form-field-email\" class=\"elementor-field elementor-size-sm  elementor-field-textual\" placeholder=\"Email\" required=\"required\">\n\t\t\t\t\t\t\t\t\t\t\t<\/div>\n\t\t\t\t\t\t\t\t<div class=\"elementor-field-type-text elementor-field-group elementor-column elementor-field-group-numero_factura elementor-col-100 elementor-field-required elementor-mark-required\">\n\t\t\t\t\t\t\t\t\t\t\t\t<label for=\"form-field-numero_factura\" class=\"elementor-field-label\">\n\t\t\t\t\t\t\t\tInscribe tu boleta\t\t\t\t\t\t\t<\/label>\n\t\t\t\t\t\t\t\t\t\t\t\t\t\t<input size=\"1\" type=\"text\" name=\"form_fields[numero_factura]\" id=\"form-field-numero_factura\" class=\"elementor-field elementor-size-sm  elementor-field-textual\" placeholder=\"N\u00famero de boleta\" required=\"required\">\n\t\t\t\t\t\t\t\t\t\t\t<\/div>\n\t\t\t\t\t\t\t\t<div class=\"elementor-field-type-upload elementor-field-group elementor-column elementor-field-group-factura elementor-col-100 elementor-field-required elementor-mark-required\">\n\t\t\t\t\t\t\t\t\t\t\t\t<label for=\"form-field-factura\" class=\"elementor-field-label\">\n\t\t\t\t\t\t\t\tSubir foto de boleta\t\t\t\t\t\t\t<\/label>\n\t\t\t\t\t\t\t\t<input type=\"file\" name=\"form_fields[factura]\" id=\"form-field-factura\" class=\"elementor-field elementor-size-sm  elementor-upload-field\" required=\"required\" data-maxsize=\"20\" data-maxsize-message=\"This file exceeds the maximum allowed size.\">\n\n\t\t\t\t\t\t<\/div>\n\t\t\t\t\t\t\t\t<div class=\"elementor-field-type-acceptance elementor-field-group elementor-column elementor-field-group-terminos_condiciones elementor-col-100 elementor-field-required elementor-mark-required\">\n\t\t\t\t\t\t\t<div class=\"elementor-field-subgroup\">\n\t\t\t<span class=\"elementor-field-option\">\n\t\t\t\t<input type=\"checkbox\" name=\"form_fields[terminos_condiciones]\" id=\"form-field-terminos_condiciones\" class=\"elementor-field elementor-size-sm  elementor-acceptance-field\" required=\"required\">\n\t\t\t\t<label for=\"form-field-terminos_condiciones\">Confirmo que he le\u00eddo, comprendido y acepto los <a href=\"https:\/\/schick.cl\/participaconschick\/terminos-y-condiciones\/\" target=\"_blank\">T\u00e9rminos y Condiciones<\/a> del concurso y <a href=\"https:\/\/schick.cl\/participaconschick\/wp-content\/uploads\/2026\/01\/LATAM-privacy-policy-ES.pdf\" target=\"_blank\">Aviso de Privacidad.<\/a><\/label>\t\t\t<\/span>\n\t\t<\/div>\n\t\t\t\t\t\t<\/div>\n\t\t\t\t\t\t\t\t<div class=\"elementor-field-type-acceptance elementor-field-group elementor-column elementor-field-group-uso_informacion elementor-col-100 elementor-field-required elementor-mark-required\">\n\t\t\t\t\t\t\t<div class=\"elementor-field-subgroup\">\n\t\t\t<span class=\"elementor-field-option\">\n\t\t\t\t<input type=\"checkbox\" name=\"form_fields[uso_informacion]\" id=\"form-field-uso_informacion\" class=\"elementor-field elementor-size-sm  elementor-acceptance-field\" required=\"required\">\n\t\t\t\t<label for=\"form-field-uso_informacion\">Autorizo el uso de informaci\u00f3n personal para Edgewell Personal Care.<\/label>\t\t\t<\/span>\n\t\t<\/div>\n\t\t\t\t\t\t<\/div>\n\t\t\t\t\t\t\t\t<div class=\"elementor-field-group elementor-column elementor-field-type-submit elementor-col-100 e-form__buttons\">\n\t\t\t\t\t<button class=\"elementor-button elementor-size-sm\" type=\"submit\">\n\t\t\t\t\t\t<span class=\"elementor-button-content-wrapper\">\n\t\t\t\t\t\t\t\t\t\t\t\t\t\t\t\t\t\t\t\t\t\t<span class=\"elementor-button-text\">Enviar<\/span>\n\t\t\t\t\t\t\t\t\t\t\t\t\t<\/span>\n\t\t\t\t\t<\/button>\n\t\t\t\t<\/div>\n\t\t\t<\/div>\n\t\t<\/form>\n\t\t\t\t\t\t<\/div>\n\t\t\t\t<\/div>\n\t\t\t\t<div class=\"elementor-element elementor-element-9ea9987 elementor-hidden-desktop elementor-hidden-tablet elementor-widget elementor-widget-image\" data-id=\"9ea9987\" data-element_type=\"widget\" data-e-type=\"widget\" data-widget_type=\"image.default\">\n\t\t\t\t<div class=\"elementor-widget-container\">\n\t\t\t\t\t\t\t\t\t\t\t\t\t\t\t<img decoding=\"async\" width=\"800\" height=\"875\" src=\"https:\/\/schick.cl\/participaconschick\/wp-content\/uploads\/2026\/01\/afeitate-con-schick-002.webp\" class=\"attachment-large size-large wp-image-2250\" alt=\"\" srcset=\"https:\/\/schick.cl\/participaconschick\/wp-content\/uploads\/2026\/01\/afeitate-con-schick-002.webp 960w, https:\/\/schick.cl\/participaconschick\/wp-content\/uploads\/2026\/01\/afeitate-con-schick-002-731x800.webp 731w, https:\/\/schick.cl\/participaconschick\/wp-content\/uploads\/2026\/01\/afeitate-con-schick-002-768x840.webp 768w\" sizes=\"(max-width: 800px) 100vw, 800px\" \/>\t\t\t\t\t\t\t\t\t\t\t\t\t\t\t<\/div>\n\t\t\t\t<\/div>\n\t\t\t\t<\/div>\n\t\t\t\t<\/div>\n\t\t<div class=\"elementor-element elementor-element-d38de6c e-con-full e-flex e-con e-parent\" data-id=\"d38de6c\" data-element_type=\"container\" data-e-type=\"container\" data-settings=\"{&quot;background_background&quot;:&quot;classic&quot;}\">\n\t\t\t\t<div class=\"elementor-element elementor-element-c81766d elementor-widget elementor-widget-text-editor\" data-id=\"c81766d\" data-element_type=\"widget\" data-e-type=\"widget\" data-widget_type=\"text-editor.default\">\n\t\t\t\t<div class=\"elementor-widget-container\">\n\t\t\t\t\t\t\t\t\t<p>Promoci\u00f3n v\u00e1lida del 27 de Febrero al 30 de Abril del 2026 en tiendas f\u00edsicas y digitales de Walmart, Jumbo, Santa Isabel, Unimarc, Tottus, Cruz Verde, Ahumada, Salcobrand, Preunic, Maicao, Liquimax y Cadena Lily a nivel nacional. Por compras desde $3.000 en productos Schick, en las tiendas antes mencionadas, podr\u00e1s participar en el sorteo para ganar uno de los 25 premios, donde cada ganador recibir\u00e1 $1.000.000. Para participar debes ser mayor de 18 a\u00f1os y registrar tu boleta de compra en <a href=\"https:\/\/schick.cl\/participaconschick\/\" target=\"_blank\" rel=\"noopener\">www.participaconschick.com<\/a>. N\u00famero total de premios a entregar son 25, que totalizan $25.000.000 para ser repartidos entre los ganadores, con independencia de su g\u00e9nero. Aplican t\u00e9rminos y condiciones contenidos en Bases protocolizadas en Notaria Alvaro Gonz\u00e1les Salinas y adem\u00e1s, se encuentran publicados en <a href=\"https:\/\/schick.cl\/participaconschick\/terminos-y-condiciones\/\" target=\"_blank\" rel=\"noopener\">https:\/\/schick.cl\/participaconschick\/terminos-y-condiciones<\/a> [schick.cl]. Si desea m\u00e1s informaci\u00f3n, p\u00f3ngase en contacto con Servicio al cliente a trav\u00e9s de: <a href=\"https:\/\/schick.cl\/contactanos\/\" target=\"_blank\" rel=\"noopener\">https:\/\/schick.cl\/contactanos\/<\/a> [schick.cl]<\/p>\t\t\t\t\t\t\t\t<\/div>\n\t\t\t\t<\/div>\n\t\t\t\t<\/div>\n\t\t\t\t<\/div>\n\t\t","protected":false},"excerpt":{"rendered":"<p>Ingresa aqu\u00ed tus datos Promoci\u00f3n v\u00e1lida del 27 de Febrero al 30 de Abril del 2026 en tiendas f\u00edsicas y digitales de Walmart, Jumbo, Santa Isabel, Unimarc, Tottus, Cruz Verde, Ahumada, Salcobrand, Preunic, Maicao, Liquimax y Cadena Lily a nivel nacional. Por compras desde $3.000 en productos Schick, en las tiendas antes mencionadas, podr\u00e1s participar [&hellip;]<\/p>\n","protected":false},"author":1,"featured_media":0,"parent":0,"menu_order":0,"comment_status":"closed","ping_status":"closed","template":"","meta":{"footnotes":""},"class_list":["post-2","page","type-page","status-publish","hentry"],"_links":{"self":[{"href":"https:\/\/schick.cl\/participaconschick\/wp-json\/wp\/v2\/pages\/2","targetHints":{"allow":["GET"]}}],"collection":[{"href":"https:\/\/schick.cl\/participaconschick\/wp-json\/wp\/v2\/pages"}],"about":[{"href":"https:\/\/schick.cl\/participaconschick\/wp-json\/wp\/v2\/types\/page"}],"author":[{"embeddable":true,"href":"https:\/\/schick.cl\/participaconschick\/wp-json\/wp\/v2\/users\/1"}],"replies":[{"embeddable":true,"href":"https:\/\/schick.cl\/participaconschick\/wp-json\/wp\/v2\/comments?post=2"}],"version-history":[{"count":408,"href":"https:\/\/schick.cl\/participaconschick\/wp-json\/wp\/v2\/pages\/2\/revisions"}],"predecessor-version":[{"id":3065,"href":"https:\/\/schick.cl\/participaconschick\/wp-json\/wp\/v2\/pages\/2\/revisions\/3065"}],"wp:attachment":[{"href":"https:\/\/schick.cl\/participaconschick\/wp-json\/wp\/v2\/media?parent=2"}],"curies":[{"name":"wp","href":"https:\/\/api.w.org\/{rel}","templated":true}]}}